{"id":1197,"date":"2018-06-18T14:27:01","date_gmt":"2018-06-18T14:27:01","guid":{"rendered":"http:\/\/hotchicksandcowboys.com\/?page_id=1197"},"modified":"2023-05-17T17:07:59","modified_gmt":"2023-05-17T15:07:59","slug":"impressum","status":"publish","type":"page","link":"https:\/\/hotchicksandcowboys.de\/magicmoments\/impressum\/","title":{"rendered":"Impressum"},"content":{"rendered":"<div class=\"wpb_text_column wpb_content_element \">\n<div class=\"wpb_wrapper\">\n<p><strong>Hot Chicks &amp; Cowboys<\/strong><br \/>\nSimone Behnke<br \/>\nAachener Stra\u00dfe 17, 50674 K\u00f6ln<br \/>\nTelefon: +49 (0)170 822 68 01<br \/>\nEmail: sbehnke@hotchicksandcowboys.com<\/p>\n<p>Verantwortlich gem\u00e4\u00df \u00a7 5 TMG: Simone Behnke<\/p>\n<p>Als Diensteanbieter sind wir gem\u00e4\u00df \u00a7 7 Abs.1 TMG f\u00fcr eigene Inhalte auf diesen Seiten nach den allgemeinen Gesetzen verantwortlich. Nach \u00a7\u00a7 8 bis 10 TMG sind wir als Diensteanbieter jedoch nicht verpflichtet, \u00fcbermittelte oder gespeicherte fremde Informationen zu \u00fcberwachen oder nach Umst\u00e4nden zu forschen, die auf eine rechtswidrige T\u00e4tigkeit hinweisen. Verpflichtungen zur Entfernung oder Sperrung der Nutzung von Informationen nach den allgemeinen Gesetzen bleiben hiervon unber\u00fchrt. Eine diesbez\u00fcgliche Haftung ist jedoch erst ab dem Zeitpunkt der Kenntnis einer konkreten Rechtsverletzung m\u00f6glich. Bei Bekanntwerden von entsprechenden Rechtsverletzungen werden wir diese Inhalte umgehend entfernen. Inhalt, Struktur und Gestaltung von hotchicksandcowboys.com\/hotchicksandcowboys.de unterliegen dem deutschen Urheberrecht. Die Vervielf\u00e4ltigung, \u00c4nderung, Darstellung, Verbreitung, \u00dcbermittlung, Ver\u00f6ffentlichung, Verkauf, Lizenzierung, Bearbeitung, Verfremdung oder Nutzung von Informationen oder Daten f\u00fcr welche Zwecke auch immer, insbesondere die Verwendung von Texten, Textteilen oder Bildmaterial, bedarf der vorherigen schriftlichen Zustimmung von Simone Behnke.<\/p>\n<\/div>\n<\/div>\n","protected":false},"excerpt":{"rendered":"<p>Hot Chicks &amp; Cowboys Simone Behnke Aachener Stra\u00dfe 17, 50674 K\u00f6ln Telefon: +49 (0)170 822 68 01 Email: sbehnke@hotchicksandcowboys.com Verantwortlich gem\u00e4\u00df \u00a7 5 TMG: Simone Behnke Als Diensteanbieter sind wir gem\u00e4\u00df \u00a7 7 Abs.1 TMG f\u00fcr eigene Inhalte auf diesen Seiten nach den allgemeinen Gesetzen verantwortlich. Nach \u00a7\u00a7 8 bis 10 TMG sind wir als [&hellip;]<\/p>\n","protected":false},"author":1,"featured_media":0,"parent":0,"menu_order":0,"comment_status":"closed","ping_status":"closed","template":"","meta":[],"_links":{"self":[{"href":"https:\/\/hotchicksandcowboys.de\/magicmoments\/wp-json\/wp\/v2\/pages\/1197"}],"collection":[{"href":"https:\/\/hotchicksandcowboys.de\/magicmoments\/wp-json\/wp\/v2\/pages"}],"about":[{"href":"https:\/\/hotchicksandcowboys.de\/magicmoments\/wp-json\/wp\/v2\/types\/page"}],"author":[{"embeddable":true,"href":"https:\/\/hotchicksandcowboys.de\/magicmoments\/wp-json\/wp\/v2\/users\/1"}],"replies":[{"embeddable":true,"href":"https:\/\/hotchicksandcowboys.de\/magicmoments\/wp-json\/wp\/v2\/comments?post=1197"}],"version-history":[{"count":7,"href":"https:\/\/hotchicksandcowboys.de\/magicmoments\/wp-json\/wp\/v2\/pages\/1197\/revisions"}],"predecessor-version":[{"id":3064,"href":"https:\/\/hotchicksandcowboys.de\/magicmoments\/wp-json\/wp\/v2\/pages\/1197\/revisions\/3064"}],"wp:attachment":[{"href":"https:\/\/hotchicksandcowboys.de\/magicmoments\/wp-json\/wp\/v2\/media?parent=1197"}],"curies":[{"name":"wp","href":"https:\/\/api.w.org\/{rel}","templated":true}]}}